{"id":3,"date":"2026-02-01T14:49:33","date_gmt":"2026-02-01T14:49:33","guid":{"rendered":"http:\/\/yousraabdou.com\/?page_id=3"},"modified":"2026-04-06T04:46:03","modified_gmt":"2026-04-06T04:46:03","slug":"privacy-policy","status":"publish","type":"page","link":"https:\/\/yousraabdou.com\/index.php\/privacy-policy\/","title":{"rendered":"Politique de confidentialit\u00e9"},"content":{"rendered":"\t\t<div data-elementor-type=\"wp-page\" data-elementor-id=\"3\" class=\"elementor elementor-3\">\n\t\t\t\t<div class=\"elementor-element elementor-element-2bad0ad4 e-flex e-con-boxed e-con e-parent\" data-id=\"2bad0ad4\" data-element_type=\"container\" data-e-type=\"container\">\n\t\t\t\t\t<div class=\"e-con-inner\">\n\t\t\t\t<div class=\"elementor-element elementor-element-2b7ebd8a elementor-widget elementor-widget-text-editor\" data-id=\"2b7ebd8a\" data-element_type=\"widget\" data-e-type=\"widget\" data-widget_type=\"text-editor.default\">\n\t\t\t\t\t\t\t\t\t<h2>Mentions l\u00e9gales<\/h2>\n<h3>1. \u00c9diteur du site<\/h3>\n<p>Le pr\u00e9sent site est \u00e9dit\u00e9 par :<\/p>\n<ul>\n<li>\n<p>Nom : ABDOU Yousra<\/p>\n<\/li>\n<li>\n<p>Statut : \u00c9tudiante<\/p>\n<\/li>\n<li>\n<p>Email : <a href=\"mailto:yousraabdou08@gmail.com\">yousraabdou08@gmail.com<\/a><\/p>\n<\/li>\n<\/ul>\n<h3>2. Directeur de publication<\/h3>\n<p>Le directeur de la publication est :<\/p><p>ABDOU Yousra<\/p>\n<h3>3. H\u00e9bergement<\/h3>\n<p>Le site est h\u00e9berg\u00e9 par :<\/p>\n<ul>\n<li>\n<p>H\u00e9bergeur : OVH<\/p>\n<\/li>\n<li>\n<p>Soci\u00e9t\u00e9 : OVH SAS<\/p>\n<\/li>\n<li>\n<p>Adresse : 2 rue Kellermann, 59100 Roubaix, France<\/p>\n<\/li>\n<li>\n<p>Site web : <a href=\"https:\/\/www.ovh.com\/\">https:\/\/www.ovh.com<\/a><\/p>\n<\/li>\n<\/ul>\n<h3>4. Acc\u00e8s au site<\/h3>\n<p>Le site est accessible 24h\/24 et 7j\/7, sauf en cas de force majeure, de maintenance ou de probl\u00e8me technique.<br>L\u2019\u00e9diteur ne peut \u00eatre tenu responsable d\u2019une interruption temporaire du site.<\/p>\n<h3>5. Propri\u00e9t\u00e9 intellectuelle<\/h3>\n<p>L\u2019ensemble des contenus pr\u00e9sents sur ce site (textes, images, logos, ic\u00f4nes, etc.) est prot\u00e9g\u00e9 par les lois en vigueur sur la propri\u00e9t\u00e9 intellectuelle.<br>Toute reproduction, modification, publication ou adaptation, totale ou partielle, est interdite sans autorisation \u00e9crite pr\u00e9alable.<\/p>\n<h3>6. Responsabilit\u00e9<\/h3>\n<p>Les informations diffus\u00e9es sur le site sont fournies \u00e0 titre indicatif et peuvent \u00e9voluer.<br>L\u2019\u00e9diteur ne saurait \u00eatre tenu responsable :<\/p>\n<ul>\n<li>\n<p>des erreurs ou omissions<\/p>\n<\/li>\n<li>\n<p>d\u2019un mauvais usage des informations<\/p>\n<\/li>\n<li>\n<p>de dommages directs ou indirects li\u00e9s \u00e0 l\u2019utilisation du site<\/p>\n<\/li>\n<\/ul>\n<h3>7. Liens hypertextes<\/h3>\n<p>Le site peut contenir des liens vers des sites externes.<br>L\u2019\u00e9diteur ne peut \u00eatre tenu responsable du contenu de ces sites tiers.<\/p>\n<h3>8. Donn\u00e9es personnelles<\/h3>\n<p>Les donn\u00e9es personnelles collect\u00e9es sur le site sont trait\u00e9es conform\u00e9ment au R\u00e8glement G\u00e9n\u00e9ral sur la Protection des Donn\u00e9es (RGPD).<br>Pour plus d\u2019informations, veuillez consulter la politique de confidentialit\u00e9.<\/p>\n<h3>9. S\u00e9curit\u00e9<\/h3>\n<p>Le site met en \u0153uvre des mesures de s\u00e9curit\u00e9 afin de prot\u00e9ger les donn\u00e9es et limiter les risques d\u2019acc\u00e8s non autoris\u00e9.<\/p>\n<h3>10. Droit applicable<\/h3>\n<p>Le pr\u00e9sent site est soumis au droit fran\u00e7ais.<br>En cas de litige, et \u00e0 d\u00e9faut de r\u00e9solution amiable, les tribunaux fran\u00e7ais seront seuls comp\u00e9tents.<\/p>\t\t\t\t\t\t\t\t<\/div>\n\t\t\t\t\t<\/div>\n\t\t\t\t<\/div>\n\t\t\t\t<\/div>\n\t\t","protected":false},"excerpt":{"rendered":"<p>Mentions l\u00e9gales 1. \u00c9diteur du site Le pr\u00e9sent site est \u00e9dit\u00e9 par : Nom : ABDOU Yousra Statut : \u00c9tudiante Email : yousraabdou08@gmail.com 2. Directeur de publication Le directeur de la publication est : ABDOU Yousra 3. H\u00e9bergement Le site est h\u00e9berg\u00e9 par : H\u00e9bergeur : OVH Soci\u00e9t\u00e9 : OVH SAS Adresse : 2 rue [&hellip;]<\/p>\n","protected":false},"author":1,"featured_media":0,"parent":0,"menu_order":0,"comment_status":"closed","ping_status":"open","template":"elementor_header_footer","meta":{"footnotes":""},"class_list":["post-3","page","type-page","status-publish","hentry"],"_links":{"self":[{"href":"https:\/\/yousraabdou.com\/index.php\/wp-json\/wp\/v2\/pages\/3","targetHints":{"allow":["GET"]}}],"collection":[{"href":"https:\/\/yousraabdou.com\/index.php\/wp-json\/wp\/v2\/pages"}],"about":[{"href":"https:\/\/yousraabdou.com\/index.php\/wp-json\/wp\/v2\/types\/page"}],"author":[{"embeddable":true,"href":"https:\/\/yousraabdou.com\/index.php\/wp-json\/wp\/v2\/users\/1"}],"replies":[{"embeddable":true,"href":"https:\/\/yousraabdou.com\/index.php\/wp-json\/wp\/v2\/comments?post=3"}],"version-history":[{"count":5,"href":"https:\/\/yousraabdou.com\/index.php\/wp-json\/wp\/v2\/pages\/3\/revisions"}],"predecessor-version":[{"id":481,"href":"https:\/\/yousraabdou.com\/index.php\/wp-json\/wp\/v2\/pages\/3\/revisions\/481"}],"wp:attachment":[{"href":"https:\/\/yousraabdou.com\/index.php\/wp-json\/wp\/v2\/media?parent=3"}],"curies":[{"name":"wp","href":"https:\/\/api.w.org\/{rel}","templated":true}]}}