{"id":476,"date":"2026-04-06T04:43:49","date_gmt":"2026-04-06T04:43:49","guid":{"rendered":"https:\/\/yousraabdou.com\/?page_id=476"},"modified":"2026-04-06T04:46:22","modified_gmt":"2026-04-06T04:46:22","slug":"privacy-policy-2","status":"publish","type":"page","link":"https:\/\/yousraabdou.com\/index.php\/privacy-policy-2\/","title":{"rendered":"Mention legal"},"content":{"rendered":"\t\t<div data-elementor-type=\"wp-page\" data-elementor-id=\"476\" class=\"elementor elementor-476\">\n\t\t\t\t<div class=\"elementor-element elementor-element-4c23c510 e-flex e-con-boxed e-con e-parent\" data-id=\"4c23c510\" data-element_type=\"container\" data-e-type=\"container\">\n\t\t\t\t\t<div class=\"e-con-inner\">\n\t\t\t\t<div class=\"elementor-element elementor-element-56174a5a elementor-widget elementor-widget-text-editor\" data-id=\"56174a5a\" data-element_type=\"widget\" data-e-type=\"widget\" data-widget_type=\"text-editor.default\">\n\t\t\t\t\t\t\t\t\t<h2>Politique de confidentialit\u00e9<\/h2>\n<h3>1. Collecte des donn\u00e9es<\/h3>\n<p>Dans le cadre de l\u2019utilisation du formulaire de contact, les donn\u00e9es suivantes peuvent \u00eatre collect\u00e9es :<\/p>\n<ul>\n<li>\n<p>Nom<\/p>\n<\/li>\n<li>\n<p>Adresse email<\/p>\n<\/li>\n<li>\n<p>Message<\/p>\n<\/li>\n<\/ul>\n<p>Ces donn\u00e9es sont uniquement collect\u00e9es lorsque vous remplissez volontairement le formulaire de contact.<\/p>\n<h3>2. Finalit\u00e9 du traitement<\/h3>\n<p>Les donn\u00e9es collect\u00e9es sont utilis\u00e9es exclusivement pour :<\/p>\n<ul>\n<li>\n<p>R\u00e9pondre \u00e0 votre demande<\/p>\n<\/li>\n<li>\n<p>Assurer le suivi des \u00e9changes<\/p>\n<\/li>\n<\/ul>\n<p>Aucune donn\u00e9e n\u2019est utilis\u00e9e \u00e0 des fins commerciales sans votre consentement.<\/p>\n<h3>3. Base l\u00e9gale<\/h3>\n<p>Le traitement des donn\u00e9es repose sur le consentement de l\u2019utilisateur, conform\u00e9ment au RGPD.<\/p>\n<h3>4. Dur\u00e9e de conservation<\/h3>\n<p>Les donn\u00e9es sont conserv\u00e9es pendant une dur\u00e9e maximale de 3 ans \u00e0 compter du dernier contact.<\/p>\n<h3>5. Destinataires des donn\u00e9es<\/h3>\n<p>Les donn\u00e9es sont destin\u00e9es uniquement \u00e0 l\u2019\u00e9diteur du site.<br \/>Elles ne sont ni vendues, ni \u00e9chang\u00e9es, ni c\u00e9d\u00e9es \u00e0 des tiers.<\/p>\n<h3>6. S\u00e9curit\u00e9<\/h3>\n<p>Des mesures techniques et organisationnelles sont mises en place afin de prot\u00e9ger vos donn\u00e9es personnelles.<\/p>\n<h3>7. Vos droits<\/h3>\n<p>Conform\u00e9ment au RGPD, vous disposez des droits suivants :<\/p>\n<ul>\n<li>\n<p>Droit d\u2019acc\u00e8s<\/p>\n<\/li>\n<li>\n<p>Droit de rectification<\/p>\n<\/li>\n<li>\n<p>Droit de suppression<\/p>\n<\/li>\n<li>\n<p>Droit d\u2019opposition<\/p>\n<\/li>\n<\/ul>\n<p>Vous pouvez exercer ces droits \u00e0 tout moment en envoyant un email \u00e0 :<br \/><a href=\"mailto:yousraabdou08@gmail.com\">yousraabdou08@gmail.com<\/a><\/p>\n<h3>8. Cookies<\/h3>\n<p>Le site peut utiliser des cookies \u00e0 des fins de navigation et d\u2019am\u00e9lioration de l\u2019exp\u00e9rience utilisateur.<br \/>Vous pouvez configurer votre navigateur pour les refuser.<\/p>\n<h3>9. Modification<\/h3>\n<p>Cette politique peut \u00eatre mise \u00e0 jour \u00e0 tout moment. La version en vigueur est celle publi\u00e9e sur le site.<\/p>\t\t\t\t\t\t\t\t<\/div>\n\t\t\t\t\t<\/div>\n\t\t\t\t<\/div>\n\t\t\t\t<\/div>\n\t\t","protected":false},"excerpt":{"rendered":"<p>Politique de confidentialit\u00e9 1. Collecte des donn\u00e9es Dans le cadre de l\u2019utilisation du formulaire de contact, les donn\u00e9es suivantes peuvent \u00eatre collect\u00e9es : Nom Adresse email Message Ces donn\u00e9es sont uniquement collect\u00e9es lorsque vous remplissez volontairement le formulaire de contact. 2. Finalit\u00e9 du traitement Les donn\u00e9es collect\u00e9es sont utilis\u00e9es exclusivement pour : R\u00e9pondre \u00e0 votre [&hellip;]<\/p>\n","protected":false},"author":1,"featured_media":0,"parent":0,"menu_order":0,"comment_status":"closed","ping_status":"closed","template":"elementor_header_footer","meta":{"footnotes":""},"class_list":["post-476","page","type-page","status-publish","hentry"],"_links":{"self":[{"href":"https:\/\/yousraabdou.com\/index.php\/wp-json\/wp\/v2\/pages\/476","targetHints":{"allow":["GET"]}}],"collection":[{"href":"https:\/\/yousraabdou.com\/index.php\/wp-json\/wp\/v2\/pages"}],"about":[{"href":"https:\/\/yousraabdou.com\/index.php\/wp-json\/wp\/v2\/types\/page"}],"author":[{"embeddable":true,"href":"https:\/\/yousraabdou.com\/index.php\/wp-json\/wp\/v2\/users\/1"}],"replies":[{"embeddable":true,"href":"https:\/\/yousraabdou.com\/index.php\/wp-json\/wp\/v2\/comments?post=476"}],"version-history":[{"count":5,"href":"https:\/\/yousraabdou.com\/index.php\/wp-json\/wp\/v2\/pages\/476\/revisions"}],"predecessor-version":[{"id":482,"href":"https:\/\/yousraabdou.com\/index.php\/wp-json\/wp\/v2\/pages\/476\/revisions\/482"}],"wp:attachment":[{"href":"https:\/\/yousraabdou.com\/index.php\/wp-json\/wp\/v2\/media?parent=476"}],"curies":[{"name":"wp","href":"https:\/\/api.w.org\/{rel}","templated":true}]}}